{"id":2825,"date":"2022-01-31T08:53:15","date_gmt":"2022-01-31T07:53:15","guid":{"rendered":"https:\/\/lmfclima.it\/privacy-policy\/"},"modified":"2022-06-04T18:06:43","modified_gmt":"2022-06-04T16:06:43","slug":"privacy-policy","status":"publish","type":"page","link":"https:\/\/lmfclima.it\/en\/privacy-policy\/","title":{"rendered":"Privacy Policy"},"content":{"rendered":"\t\t<div data-elementor-type=\"wp-page\" data-elementor-id=\"2825\" class=\"elementor elementor-2825 elementor-3\" data-elementor-post-type=\"page\">\n\t\t\t\t\t\t<section class=\"elementor-section elementor-top-section elementor-element elementor-element-da219b4 elementor-section-height-min-height elementor-section-boxed elementor-section-height-default elementor-section-items-middle\" data-id=\"da219b4\" data-element_type=\"section\" data-e-type=\"section\" data-settings=\"{&quot;background_background&quot;:&quot;classic&quot;}\">\n\t\t\t\t\t\t<div class=\"elementor-container elementor-column-gap-default\">\n\t\t\t\t\t<div class=\"elementor-column elementor-col-100 elementor-top-column elementor-element elementor-element-f1a3fc5\" data-id=\"f1a3fc5\" data-element_type=\"column\" data-e-type=\"column\" data-settings=\"{&quot;background_background&quot;:&quot;classic&quot;}\">\n\t\t\t<div class=\"elementor-widget-wrap elementor-element-populated\">\n\t\t\t\t\t\t\t<\/div>\n\t\t<\/div>\n\t\t\t\t\t<\/div>\n\t\t<\/section>\n\t\t\t\t<section class=\"elementor-section elementor-top-section elementor-element elementor-element-4a54cb6 elementor-section-height-min-height elementor-section-boxed elementor-section-height-default elementor-section-items-middle\" data-id=\"4a54cb6\" data-element_type=\"section\" data-e-type=\"section\" data-settings=\"{&quot;background_background&quot;:&quot;classic&quot;}\">\n\t\t\t\t\t\t<div class=\"elementor-container elementor-column-gap-default\">\n\t\t\t\t\t<div class=\"elementor-column elementor-col-100 elementor-top-column elementor-element elementor-element-8dc89ed\" data-id=\"8dc89ed\" data-element_type=\"column\" data-e-type=\"column\" data-settings=\"{&quot;background_background&quot;:&quot;classic&quot;}\">\n\t\t\t<div class=\"elementor-widget-wrap elementor-element-populated\">\n\t\t\t\t\t\t<div class=\"elementor-element elementor-element-15500f0 elementor-invisible elementor-widget elementor-widget-heading\" data-id=\"15500f0\" data-element_type=\"widget\" data-e-type=\"widget\" data-settings=\"{&quot;_animation&quot;:&quot;fadeInLeft&quot;}\" data-widget_type=\"heading.default\">\n\t\t\t\t<div class=\"elementor-widget-container\">\n\t\t\t\t\t<h2 class=\"elementor-heading-title elementor-size-default\">Privacy Policy<\/h2>\t\t\t\t<\/div>\n\t\t\t\t<\/div>\n\t\t\t\t<div class=\"elementor-element elementor-element-d2c6a1f elementor-widget elementor-widget-text-editor\" data-id=\"d2c6a1f\" data-element_type=\"widget\" data-e-type=\"widget\" data-widget_type=\"text-editor.default\">\n\t\t\t\t<div class=\"elementor-widget-container\">\n\t\t\t\t\t\t\t\t\t<p>Questo Sito Web raccoglie alcuni Dati Personali dei propri Utenti.<\/p>\r\n<p><strong>Titolare del Trattamento dei Dati<\/strong><\/p>\r\n<p>Ferraro Group \u2013 LMF Clima<\/p>\r\n<p>Via Paradiso, 33 \u2013 Meledo di Sarego (VI) \u2013 36040, ITALIA<\/p>\r\n<p>E-mail:\u00a0info@ferrarogroup.eu<\/p>\r\n<p>Telefono: +39 0444 821279<\/p>\r\n<p><strong>Tipologie di Dati raccolti<\/strong><\/p>\r\n<p>Fra i Dati Personali raccolti da questo Sito Web, in modo autonomo o tramite terze parti, ci sono: nome, cognome, numero di telefono, email, Cookie e Dati di utilizzo.<\/p>\r\n<p>Dettagli completi su ciascuna tipologia di dati raccolti sono forniti nelle sezioni dedicate di questa privacy policy o mediante specifici testi informativi visualizzati prima della raccolta dei dati stessi.<br \/>I Dati Personali possono essere liberamente forniti dall\u2019Utente o, nel caso di Dati di Utilizzo, raccolti automaticamente durante l\u2019uso di questo Sito Web.<br \/>Se non diversamente specificato, tutti i Dati richiesti da questo Sito Web sono obbligatori. Se l\u2019Utente rifiuta di comunicarli, potrebbe essere impossibile per questo Sito Web fornire il Servizio. Nei casi in cui questo Sito Web indichi alcuni Dati come facoltativi, gli Utenti sono liberi di astenersi dal comunicare tali Dati, senza che ci\u00f2 abbia alcuna conseguenza sulla disponibilit\u00e0 del Servizio o sulla sua operativit\u00e0.<br \/>Gli Utenti che dovessero avere dubbi su quali Dati siano obbligatori, sono incoraggiati a contattare il Titolare.<br \/>L\u2019eventuale utilizzo di Cookie \u2013 o di altri strumenti di tracciamento \u2013 da parte di questo Sito Web o dei titolari dei servizi terzi utilizzati da questo Sito Web, ove non diversamente precisato, ha la finalit\u00e0 di fornire il Servizio richiesto dall\u2019Utente, oltre alle ulteriori finalit\u00e0 descritte nel presente documento e nella Cookie Policy, se disponibile.<\/p>\r\n<p>L\u2019Utente si assume la responsabilit\u00e0 dei Dati Personali di terzi ottenuti, pubblicati o condivisi mediante questo Sito Web e garantisce di avere il diritto di comunicarli o diffonderli, liberando il Titolare da qualsiasi responsabilit\u00e0 verso terzi.<\/p>\r\n<p><strong>Modalit\u00e0 e luogo del trattamento dei Dati raccolti<\/strong><\/p>\r\n<p><strong>Modalit\u00e0 di trattamento<\/strong><\/p>\r\n<p>Il Titolare adotta le opportune misure di sicurezza volte ad impedire l\u2019accesso, la divulgazione, la modifica o la distruzione non autorizzate dei Dati Personali.<br \/>Il trattamento viene effettuato mediante strumenti informatici e\/o telematici, con modalit\u00e0 organizzative e con logiche strettamente correlate alle finalit\u00e0 indicate. Oltre al Titolare, in alcuni casi, potrebbero avere accesso ai Dati altri soggetti coinvolti nell\u2019organizzazione di questo Sito Web (personale amministrativo, commerciale, marketing, legali, amministratori di sistema) ovvero soggetti esterni (come fornitori di servizi tecnici terzi, corrieri postali, hosting provider, societ\u00e0 informatiche, agenzie di comunicazione) nominati anche, se necessario, Responsabili del Trattamento da parte del Titolare. L\u2019elenco aggiornato dei Responsabili potr\u00e0 sempre essere richiesto al Titolare del Trattamento.<\/p>\r\n<p><strong>Base giuridica del trattamento<\/strong><\/p>\r\n<p>Il Titolare tratta Dati Personali relativi all\u2019Utente in caso sussista una delle seguenti condizioni:<\/p>\r\n<ul>\r\n<li>l\u2019Utente ha prestato il consenso per una o pi\u00f9 finalit\u00e0 specifiche; Nota: in alcuni ordinamenti il Titolare pu\u00f2 essere autorizzato a trattare Dati Personali senza che debba sussistere il consenso dell\u2019Utente o un\u2019altra delle basi giuridiche specificate di seguito, fino a quando l\u2019Utente non si opponga (\u201copt-out\u201d) a tale trattamento. Ci\u00f2 non \u00e8 tuttavia applicabile qualora il trattamento di Dati Personali sia regolato dalla legislazione europea in materia di protezione dei Dati Personali;<\/li>\r\n<li>il trattamento \u00e8 necessario all\u2019esecuzione di un contratto con l\u2019Utente e\/o all\u2019esecuzione di misure precontrattuali;<\/li>\r\n<li>il trattamento \u00e8 necessario per adempiere un obbligo legale al quale \u00e8 soggetto il Titolare;<\/li>\r\n<li>il trattamento \u00e8 necessario per l\u2019esecuzione di un compito di interesse pubblico o per l\u2019esercizio di pubblici poteri di cui \u00e8 investito il Titolare;<\/li>\r\n<li>il trattamento \u00e8 necessario per il perseguimento del legittimo interesse del Titolare o di terzi.<\/li>\r\n<\/ul>\r\n<p>E\u2019 comunque sempre possibile richiedere al Titolare di chiarire la concreta base giuridica di ciascun trattamento ed in particolare di specificare se il trattamento sia basato sulla legge, previsto da un contratto o necessario per concludere un contratto.<\/p>\r\n<p><strong>Luogo<\/strong><\/p>\r\n<p>I Dati sono trattati presso le sedi operative del Titolare ed in ogni altro luogo in cui le parti coinvolte nel trattamento siano localizzate. Per ulteriori informazioni, contatta il Titolare.<br \/>I Dati Personali dell\u2019Utente potrebbero essere trasferiti in un paese diverso da quello in cui l\u2019Utente si trova. Per ottenere ulteriori informazioni sul luogo del trattamento l\u2019Utente pu\u00f2 fare riferimento alla sezione relativa ai dettagli sul trattamento dei Dati Personali.<\/p>\r\n<p>L\u2019Utente ha diritto a ottenere informazioni in merito alla base giuridica del trasferimento di Dati al di fuori dell\u2019Unione Europea o ad un\u2019organizzazione internazionale di diritto internazionale pubblico o costituita da due o pi\u00f9 paesi, come ad esempio l\u2019ONU, nonch\u00e9 in merito alle misure di sicurezza adottate dal Titolare per proteggere i Dati.<\/p>\r\n<p>Qualora abbia luogo uno dei trasferimenti appena descritti, l\u2019Utente pu\u00f2 fare riferimento alle rispettive sezioni di questo documento o chiedere informazioni al Titolare contattandolo agli estremi riportati in apertura.<\/p>\r\n<p><strong>Periodo di conservazione<\/strong><\/p>\r\n<p>I Dati sono trattati e conservati per il tempo richiesto dalle finalit\u00e0 per le quali sono stati raccolti.<\/p>\r\n<p>Pertanto:<\/p>\r\n<ul>\r\n<li>I Dati Personali raccolti per scopi collegati all\u2019esecuzione di un contratto tra il Titolare e l\u2019Utente saranno trattenuti sino a quando sia completata l\u2019esecuzione di tale contratto.<\/li>\r\n<li>I Dati Personali raccolti per finalit\u00e0 riconducibili all\u2019interesse legittimo del Titolare saranno trattenuti sino al soddisfacimento di tale interesse. L\u2019Utente pu\u00f2 ottenere ulteriori informazioni in merito all\u2019interesse legittimo perseguito dal Titolare nelle relative sezioni di questo documento o contattando il Titolare.<\/li>\r\n<\/ul>\r\n<p>Quando il trattamento \u00e8 basato sul consenso dell\u2019Utente, il Titolare pu\u00f2 conservare i Dati Personali pi\u00f9 a lungo sino a quando detto consenso non venga revocato. Inoltre il Titolare potrebbe essere obbligato a conservare i Dati Personali per un periodo pi\u00f9 lungo in ottemperanza ad un obbligo di legge o per ordine di un\u2019autorit\u00e0.<\/p>\r\n<p>Al termine del periodo di conservazioni i Dati Personali saranno cancellati. Pertanto, allo spirare di tale termine il diritto di accesso, cancellazione, rettificazione ed il diritto alla portabilit\u00e0 dei Dati non potranno pi\u00f9 essere esercitati.<\/p>\r\n<p><strong>Finalit\u00e0 del Trattamento dei Dati raccolti<\/strong><\/p>\r\n<p>I Dati dell\u2019Utente sono raccolti per consentire al Titolare di fornire i propri Servizi, cos\u00ec come per le seguenti finalit\u00e0: Contattare l\u2019Utente, Pubblicit\u00e0, Statistica e Remarketing e behavioral targeting.<\/p>\r\n<p>Per ottenere ulteriori informazioni dettagliate sulle finalit\u00e0 del trattamento e sui Dati Personali concretamente rilevanti per ciascuna finalit\u00e0, l\u2019Utente pu\u00f2 fare riferimento alle relative sezioni di questo documento.<\/p>\r\n<p><strong>Dettagli sul trattamento dei Dati Personali<\/strong><\/p>\r\n<p>I Dati Personali sono raccolti per le seguenti finalit\u00e0 ed utilizzando i seguenti servizi:<\/p>\r\n<ul>\r\n<li><strong>Contattare l\u2019Utente<br \/><\/strong>Modulo di contatto (questo Sito Web)<br \/>L\u2019Utente, compilando con i propri Dati il modulo di contatto, acconsente al loro utilizzo per rispondere alle richieste di informazioni, di preventivo, o di qualunque altra natura indicata dall\u2019intestazione del modulo.<\/li>\r\n<\/ul>\r\n<p>Dati Personali raccolti: cognome, email, nome e numero di telefono.<\/p>\r\n<ul>\r\n<li><strong>Pubblicit\u00e0<br \/><\/strong>Questo tipo di servizi consentono di utilizzare i Dati dell\u2019Utente per finalit\u00e0 di comunicazione commerciale in diverse forme pubblicitarie, quali il banner, anche in relazione agli interessi dell\u2019Utente.<br \/>Ci\u00f2 non significa che tutti i Dati Personali vengano utilizzati per questa finalit\u00e0. Dati e condizioni di utilizzo sono indicati di seguito.<br \/>Alcuni dei servizi di seguito indicati potrebbero utilizzare Cookie per identificare l\u2019Utente o utilizzare la tecnica del behavioral retargeting, ossia visualizzare annunci pubblicitari personalizzati in base agli interessi e al comportamento dell\u2019Utente, rilevati anche al di fuori di questo Sito Web. Per avere maggiori informazioni in merito, ti suggeriamo di verificare le informative privacy dei rispettivi servizi.<br \/>In aggiunta alle possibilit\u00e0 di effettuare l\u2019opt-out offerte dai servizi di seguito riportati, l\u2019Utente pu\u00f2 optare per l\u2019esclusione rispetto alla ricezione dei cookie relativi ad un servizio terzo, visitando la\u00a0<a href=\"http:\/\/optout.networkadvertising.org\/\">pagina di opt-out del Network Advertising Initiative<\/a>.<\/li>\r\n<\/ul>\r\n<h4><strong>Direct Email Marketing (DEM) (questo Sito Web)<\/strong><\/h4>\r\n<p>Questo Sito Web utilizza i Dati dell\u2019Utente per inviare proposte di natura commerciale relativi a servizi e prodotti forniti da terze parti o non correlati al prodotto o servizio forniti da questo Sito Web.<\/p>\r\n<p>Dati Personali raccolti: email.<\/p>\r\n<ul>\r\n<li><strong>Remarketing e behavioral targeting<br \/><\/strong>Questo tipo di servizi consente a questo Sito Web ed ai suoi partner di comunicare, ottimizzare e servire annunci pubblicitari basati sull\u2019utilizzo passato di questo Sito Web da parte dell\u2019Utente.<br \/>Questa attivit\u00e0 viene effettuata tramite il tracciamento dei Dati di Utilizzo e l\u2019uso di Cookie, informazioni che vengono trasferite ai partner a cui l\u2019attivit\u00e0 di remarketing e behavioral targeting \u00e8 collegata.<br \/>In aggiunta alle possibilit\u00e0 di effettuare l\u2019opt-out offerte dai servizi di seguito riportati, l\u2019Utente pu\u00f2 optare per l\u2019esclusione rispetto alla ricezione dei cookie relativi ad un servizio terzo, visitando la\u00a0<a href=\"http:\/\/optout.networkadvertising.org\/\">pagina di opt-out del Network Advertising Initiative<\/a>.<\/li>\r\n<\/ul>\r\n<h4><strong>Facebook Remarketing (Facebook, Inc.)<\/strong><\/h4>\r\n<p>Facebook Remarketing \u00e8 un servizio di remarketing e behavioral targeting fornito da Facebook, Inc. che collega l\u2019attivit\u00e0 di questo Sito Web con il network di advertising Facebook.<\/p>\r\n<p>Dati Personali raccolti: Cookie e Dati di utilizzo.<\/p>\r\n<p>Luogo del trattamento: Stati Uniti \u2013\u00a0<a href=\"https:\/\/www.facebook.com\/about\/privacy\/\">Privacy Policy<\/a>\u00a0\u2013\u00a0<a href=\"https:\/\/www.aboutads.info\/choices\/\">Opt Out<\/a>. Soggetto aderente al Privacy Shield.<\/p>\r\n<h4>\u00a0<\/h4>\r\n<h4><strong>AdWords Remarketing (Google Inc.)<\/strong><\/h4>\r\n<p>AdWords Remarketing \u00e8 un servizio di remarketing e behavioral targeting fornito da Google Inc. che collega l\u2019attivit\u00e0 di questo Sito Web con il network di advertising Adwords ed il Cookie Doubleclick.<\/p>\r\n<p>Dati Personali raccolti: Cookie e Dati di utilizzo.<\/p>\r\n<p>Luogo del trattamento: Stati Uniti \u2013\u00a0<a href=\"https:\/\/www.google.com\/intl\/it\/policies\/privacy\/\">Privacy Policy<\/a>\u00a0\u2013\u00a0<a href=\"https:\/\/www.google.com\/settings\/ads\/onweb\/optout\">Opt Out<\/a>.<\/p>\r\n<ul>\r\n<li><strong>Statistica<br \/><\/strong>I servizi contenuti nella presente sezione permettono al Titolare del Trattamento di monitorare e analizzare i dati di traffico e servono a tener traccia del comportamento dell\u2019Utente.<\/li>\r\n<\/ul>\r\n<h4><strong>Google Analytics (Google Inc.)<\/strong><\/h4>\r\n<p>Google Analytics \u00e8 un servizio di analisi web fornito da Google Inc. (\u201cGoogle\u201d). Google utilizza i Dati Personali raccolti allo scopo di tracciare ed esaminare l\u2019utilizzo di questo Sito Web, compilare report e condividerli con gli altri servizi sviluppati da Google.<br \/>Google potrebbe utilizzare i Dati Personali per contestualizzare e personalizzare gli annunci del proprio network pubblicitario.<\/p>\r\n<p>Dati Personali raccolti: Cookie e Dati di utilizzo.<br \/>Luogo del trattamento: Stati Uniti \u2013\u00a0<a href=\"https:\/\/www.google.com\/intl\/it\/policies\/privacy\/\">Privacy Policy<\/a>\u00a0\u2013\u00a0<a href=\"https:\/\/tools.google.com\/dlpage\/gaoptout?hl=it\">Opt Out<\/a>. Soggetto aderente al Privacy Shield.<\/p>\r\n<p><strong>Diritti dell\u2019Utente<\/strong><\/p>\r\n<p>Gli Utenti possono esercitare determinati diritti con riferimento ai Dati trattati dal Titolare.<\/p>\r\n<p>In particolare, l\u2019Utente ha il diritto di:<\/p>\r\n<ul>\r\n<li><strong>revocare il consenso in ogni momento.<\/strong>\u00a0L\u2019Utente pu\u00f2 revocare il consenso al trattamento dei propri Dati Personali precedentemente espresso.<\/li>\r\n<li><strong>opporsi al trattamento dei propri Dati.<\/strong>\u00a0L\u2019Utente pu\u00f2 opporsi al trattamento dei propri Dati quando esso avviene su una base giuridica diversa dal consenso. Ulteriori dettagli sul diritto di opposizione sono indicati nella sezione sottostante.<\/li>\r\n<li><strong>accedere ai propri Dati.<\/strong>\u00a0L\u2019Utente ha diritto ad ottenere informazioni sui Dati trattati dal Titolare, su determinati aspetti del trattamento ed a ricevere una copia dei Dati trattati.<\/li>\r\n<li><strong>verificare e chiedere la rettificazione.<\/strong>\u00a0L\u2019Utente pu\u00f2 verificare la correttezza dei propri Dati e richiederne l\u2019aggiornamento o la correzione.<\/li>\r\n<li><strong>ottenere la limitazione del trattamento.<\/strong>\u00a0Quando ricorrono determinate condizioni, l\u2019Utente pu\u00f2 richiedere la limitazione del trattamento dei propri Dati. In tal caso il Titolare non tratter\u00e0 i Dati per alcun altro scopo se non la loro conservazione.<\/li>\r\n<li><strong>ottenere la cancellazione o rimozione dei propri Dati Personali.<\/strong>\u00a0Quando ricorrono determinate condizioni, l\u2019Utente pu\u00f2 richiedere la cancellazione dei propri Dati da parte del Titolare.<\/li>\r\n<li><strong>ricevere i propri Dati o farli trasferire ad altro titolare.<\/strong>\u00a0L\u2019Utente ha diritto di ricevere i propri Dati in formato strutturato, di uso comune e leggibile da dispositivo automatico e, ove tecnicamente fattibile, di ottenerne il trasferimento senza ostacoli ad un altro titolare. Questa disposizione \u00e8 applicabile quando i Dati sono trattati con strumenti automatizzati ed il trattamento \u00e8 basato sul consenso dell\u2019Utente, su un contratto di cui l\u2019Utente \u00e8 parte o su misure contrattuali ad esso connesse.<\/li>\r\n<li><strong>proporre reclamo.<\/strong>\u00a0L\u2019Utente pu\u00f2 proporre un reclamo all\u2019autorit\u00e0 di controllo della protezione dei dati personali competente o agire in sede giudiziale.<\/li>\r\n<\/ul>\r\n<p>\u00a0<\/p>\r\n<p><strong>Dettagli sul diritto di opposizione<\/strong><\/p>\r\n<p>Quando i Dati Personali sono trattati nell\u2019interesse pubblico, nell\u2019esercizio di pubblici poteri di cui \u00e8 investito il Titolare oppure per perseguire un interesse legittimo del Titolare, gli Utenti hanno diritto ad opporsi al trattamento per motivi connessi alla loro situazione particolare.<\/p>\r\n<p>Si fa presente agli Utenti che, ove i loro Dati fossero trattati con finalit\u00e0 di marketing diretto, possono opporsi al trattamento senza fornire alcuna motivazione. Per scoprire se il Titolare tratti dati con finalit\u00e0 di marketing diretto gli Utenti possono fare riferimento alle rispettive sezioni di questo documento.<\/p>\r\n<p><strong>Come esercitare i diritti<\/strong><\/p>\r\n<p>Per esercitare i diritti dell\u2019Utente, gli Utenti possono indirizzare una richiesta agli estremi di contatto del Titolare indicati in questo documento. Le richieste sono depositate a titolo gratuito e evase dal Titolare nel pi\u00f9 breve tempo possibile, in ogni caso entro un mese.<\/p>\r\n<p>Tutti i dati raccolti sono memorizzati per un periodo non superiore a 2 anni salvo dove diversamente previsto dalla normativa vigente.<\/p>\r\n<p>\u201cQualora si desideri far valere il proprio diritto di accesso, modifica od eliminazione si \u00e8 pregati di contattarci mediante email all\u2019indirizzo \u2026..\u201d<\/p>\r\n<p><strong>Cookie Policy<\/strong><\/p>\r\n<p>Questo Sito Web fa utilizzo di Cookie. Per saperne di pi\u00f9 e per prendere visione dell\u2019informativa dettagliata, l\u2019Utente pu\u00f2 consultare la\u00a0<a href=\"https:\/\/lmfclima.it\/cookie-policy-2\/#1533913517274-ad388b77-2ea0\"><u>Cookie Policy<\/u><\/a>.<\/p>\r\n<p><strong>Ulteriori informazioni sul trattamento<\/strong><\/p>\r\n<p><strong>Difesa in giudizio<\/strong><\/p>\r\n<p>I Dati Personali dell\u2019Utente possono essere utilizzati da parte del Titolare in giudizio o nelle fasi preparatorie alla sua eventuale instaurazione per la difesa da abusi nell\u2019utilizzo di questo Sito Web o dei Servizi connessi da parte dell\u2019Utente.<br \/>L\u2019Utente dichiara di essere consapevole che il Titolare potrebbe essere obbligato a rivelare i Dati per ordine delle autorit\u00e0 pubbliche.<\/p>\r\n<p><strong>Informative specifiche<\/strong><\/p>\r\n<p>Su richiesta dell\u2019Utente, in aggiunta alle informazioni contenute in questa privacy policy, questo Sito Web potrebbe fornire all\u2019Utente delle informative aggiuntive e contestuali riguardanti Servizi specifici, o la raccolta ed il trattamento di Dati Personali.<\/p>\r\n<p><strong>Log di sistema e manutenzione<\/strong><\/p>\r\n<p>Per necessit\u00e0 legate al funzionamento ed alla manutenzione, questo Sito Web e gli eventuali servizi terzi da essa utilizzati potrebbero raccogliere Log di sistema, ossia file che registrano le interazioni e che possono contenere anche Dati Personali, quali l\u2019indirizzo IP Utente.<\/p>\r\n<p><strong>Informazioni non contenute in questa policy<\/strong><\/p>\r\n<p>Ulteriori informazioni in relazione al trattamento dei Dati Personali potranno essere richieste in qualsiasi momento al Titolare del Trattamento utilizzando gli estremi di contatto riportate inoltre sul pi\u00e8 pagina del sito web.<\/p>\r\n<p><strong>Risposta alle richieste \u201eDo Not Track\u201d<\/strong><\/p>\r\n<p>Questo Sito Web non supporta le richieste \u201cDo Not Track\u201d.<br \/>Per scoprire se gli eventuali servizi di terze parti utilizzati le supportino, l\u2019Utente \u00e8 invitato a consultare le rispettive privacy policy.<\/p>\r\n<p><strong>Modifiche a questa privacy policy<\/strong><\/p>\r\n<p>Il Titolare del Trattamento si riserva il diritto di apportare modifiche alla presente privacy policy in qualunque momento dandone informazione agli Utenti su questa pagina e, se possibile, su questo Sito Web nonch\u00e9, qualora tecnicamente e legalmente fattibile, inviando una notifica agli Utenti attraverso uno degli estremi di contatto di cui \u00e8 in possesso il Titolare. Si prega dunque di consultare regolarmente questa pagina, facendo riferimento alla data di ultima modifica indicata in fondo.<\/p>\r\n<p>Qualora le modifiche interessino trattamenti la cui base giuridica \u00e8 il consenso, il Titolare provveder\u00e0 a raccogliere nuovamente il consenso dell\u2019Utente, se necessario.<\/p>\t\t\t\t\t\t\t\t<\/div>\n\t\t\t\t<\/div>\n\t\t\t\t\t<\/div>\n\t\t<\/div>\n\t\t\t\t\t<\/div>\n\t\t<\/section>\n\t\t\t\t<\/div>\n\t\t","protected":false},"excerpt":{"rendered":"<p>Privacy Policy Questo Sito Web raccoglie alcuni Dati Personali dei propri Utenti. Titolare del Trattamento dei Dati Ferraro Group \u2013 LMF Clima Via Paradiso, 33 \u2013 Meledo di Sarego (VI) \u2013 36040, ITALIA E-mail:\u00a0info@ferrarogroup.eu Telefono: +39 0444 821279 Tipologie di Dati raccolti Fra i Dati Personali raccolti da questo Sito Web, in modo autonomo o [&hellip;]<\/p>\n","protected":false},"author":3,"featured_media":0,"parent":0,"menu_order":0,"comment_status":"closed","ping_status":"closed","template":"elementor_header_footer","meta":{"footnotes":""},"class_list":["post-2825","page","type-page","status-publish","hentry"],"_links":{"self":[{"href":"https:\/\/lmfclima.it\/en\/wp-json\/wp\/v2\/pages\/2825","targetHints":{"allow":["GET"]}}],"collection":[{"href":"https:\/\/lmfclima.it\/en\/wp-json\/wp\/v2\/pages"}],"about":[{"href":"https:\/\/lmfclima.it\/en\/wp-json\/wp\/v2\/types\/page"}],"author":[{"embeddable":true,"href":"https:\/\/lmfclima.it\/en\/wp-json\/wp\/v2\/users\/3"}],"replies":[{"embeddable":true,"href":"https:\/\/lmfclima.it\/en\/wp-json\/wp\/v2\/comments?post=2825"}],"version-history":[{"count":9,"href":"https:\/\/lmfclima.it\/en\/wp-json\/wp\/v2\/pages\/2825\/revisions"}],"predecessor-version":[{"id":2875,"href":"https:\/\/lmfclima.it\/en\/wp-json\/wp\/v2\/pages\/2825\/revisions\/2875"}],"wp:attachment":[{"href":"https:\/\/lmfclima.it\/en\/wp-json\/wp\/v2\/media?parent=2825"}],"curies":[{"name":"wp","href":"https:\/\/api.w.org\/{rel}","templated":true}]}}